{"id":23,"date":"2020-10-11T05:42:07","date_gmt":"2020-10-11T05:42:07","guid":{"rendered":"http:\/\/creatividadetica.org\/?page_id=23"},"modified":"2024-09-14T06:09:43","modified_gmt":"2024-09-14T06:09:43","slug":"inicio","status":"publish","type":"page","link":"https:\/\/creatividadetica.org\/","title":{"rendered":"Inicio"},"content":{"rendered":"\t\t<div data-elementor-type=\"wp-page\" data-elementor-id=\"23\" class=\"elementor elementor-23\">\n\t\t\t\t\t\t<div class=\"elementor-inner\">\n\t\t\t\t<div class=\"elementor-section-wrap\">\n\t\t\t\t\t\t\t\t\t<section class=\"elementor-section elementor-top-section elementor-element elementor-element-1d82625 elementor-section-boxed elementor-section-height-default elementor-section-height-default\" data-id=\"1d82625\" data-element_type=\"section\" data-settings=\"{&quot;background_background&quot;:&quot;classic&quot;}\">\n\t\t\t\t\t\t<div class=\"elementor-container elementor-column-gap-default\">\n\t\t\t\t\t\t\t<div class=\"elementor-row\">\n\t\t\t\t\t<div class=\"elementor-column elementor-col-100 elementor-top-column elementor-element elementor-element-cfdf195\" data-id=\"cfdf195\" data-element_type=\"column\">\n\t\t\t<div class=\"elementor-column-wrap elementor-element-populated\">\n\t\t\t\t\t\t\t<div class=\"elementor-widget-wrap\">\n\t\t\t\t\t\t<div class=\"elementor-element elementor-element-be07fbd elementor-widget elementor-widget-text-editor\" data-id=\"be07fbd\" data-element_type=\"widget\" data-widget_type=\"text-editor.default\">\n\t\t\t\t<div class=\"elementor-widget-container\">\n\t\t\t\t\t\t\t\t<div class=\"elementor-text-editor elementor-clearfix\">\n\t\t\t\t<p style=\"text-align: center;\">Creatividad \u00c9tica es una organizaci\u00f3n argentina sin fines de lucro dedicada a promover la creatividad en todo el mundo.<br \/>Desde sus inicios en 2007 ha estado trabajando con compromiso en colaboraci\u00f3n con instituciones locales e internacionales, tanto p\u00fablicas como privadas, planificando acciones relacionadas con el papel e importancia que tienen la creatividad, el dise\u00f1o, la propiedad intelectual, la \u00e9tica y el medio ambiente.<\/p>\t\t\t\t\t<\/div>\n\t\t\t\t\t\t<\/div>\n\t\t\t\t<\/div>\n\t\t\t\t\t\t<\/div>\n\t\t\t\t\t<\/div>\n\t\t<\/div>\n\t\t\t\t\t\t\t\t<\/div>\n\t\t\t\t\t<\/div>\n\t\t<\/section>\n\t\t\t\t<section class=\"elementor-section elementor-top-section elementor-element elementor-element-5637163 elementor-section-boxed elementor-section-height-default elementor-section-height-default\" data-id=\"5637163\" data-element_type=\"section\" data-settings=\"{&quot;background_background&quot;:&quot;classic&quot;}\">\n\t\t\t\t\t\t<div class=\"elementor-container elementor-column-gap-default\">\n\t\t\t\t\t\t\t<div class=\"elementor-row\">\n\t\t\t\t\t<div class=\"elementor-column elementor-col-100 elementor-top-column elementor-element elementor-element-739b2b4\" data-id=\"739b2b4\" data-element_type=\"column\">\n\t\t\t<div class=\"elementor-column-wrap elementor-element-populated\">\n\t\t\t\t\t\t\t<div class=\"elementor-widget-wrap\">\n\t\t\t\t\t\t<div class=\"elementor-element elementor-element-eb4bf85 elementor-widget elementor-widget-shortcode\" data-id=\"eb4bf85\" data-element_type=\"widget\" data-widget_type=\"shortcode.default\">\n\t\t\t\t<div class=\"elementor-widget-container\">\n\t\t\t\t\t<div class=\"elementor-shortcode\">      <div id=\"post-grid-lazy-389\" class=\"post-grid-lazy\"><img alt=\"\" src=\"\" \/><\/div>\n    <script>\n      jQuery('#post-grid-lazy-389').ready(function($) {\n        $('#post-grid-lazy-389').fadeOut();\n        $('#post-grid-389   ').fadeIn();\n      })\n    <\/script>\n    <style type=\"text\/css\">\n      #post-grid-389 {\n        display: none;\n      }\n\n      .post-grid-lazy {\n        text-align: center;\n      }\n    <\/style>\n    <div data-options='{&quot;id&quot;:&quot;389&quot;,&quot;lazy_load&quot;:&quot;yes&quot;,&quot;masonry_enable&quot;:&quot;no&quot;,&quot;view_type&quot;:&quot;grid&quot;}' id=\"post-grid-389\" class=\"post-grid grid\">\n        <div class=\"grid-items\">\n      <div class=\"item item-369 skin flat even 0 \">\n        <div class=\"layer-wrapper layout-\">\n        <div class=\"layer-media\"><a href=\"https:\/\/creatividadetica.org\/?p=369\"><img src=\"https:\/\/creatividadetica.org\/wp-content\/uploads\/2020\/11\/news_tobe-eco_bnn-scaled.jpg\" \/><\/a><\/div>\n  <div class=\"layer-content\">\n    <div class=\"element element_0  title_link \">\n    <a target=\"\"\n    href=\"https:\/\/creatividadetica.org\/?p=369\">ToBE ECO<\/a>\n  <\/div>\n<div class=\"element element_1  excerpt \">\n  toBE[eco] Creatividad Etica participa en toBE[eco] \u2013 Bello es Bueno, QUE ES toBE\u00a0[eco]? Es el proyecto de EXPOCASA, pensado para  <\/div>\n<a class=\"element element_2  read_more \"\n  target=\"\"\n  href=\"https:\/\/creatividadetica.org\/?p=369\"><\/a>\n\n  <\/div>\n    <\/div>\n  <\/div><div class=\"item item-333 skin flat odd 1 \">\n        <div class=\"layer-wrapper layout-\">\n        <div class=\"layer-media\"><a href=\"https:\/\/creatividadetica.org\/?p=333\"><img src=\"https:\/\/creatividadetica.org\/wp-content\/uploads\/2020\/11\/deis_edec_bnn-scaled.jpg\" \/><\/a><\/div>\n  <div class=\"layer-content\">\n    <div class=\"element element_0  title_link \">\n    <a target=\"\"\n    href=\"https:\/\/creatividadetica.org\/?p=333\">Edec<\/a>\n  <\/div>\n<div class=\"element element_1  excerpt \">\n  Emprendedores de Disen\u0303o Etico Certificados Buenos Aires Programa de capacitacio\u0301n y reflexio\u0301n orientado a propiciar un espacio de debate y  <\/div>\n<a class=\"element element_2  read_more \"\n  target=\"\"\n  href=\"https:\/\/creatividadetica.org\/?p=333\"><\/a>\n\n  <\/div>\n    <\/div>\n  <\/div><div class=\"item item-292 skin flat even 2 \">\n        <div class=\"layer-wrapper layout-\">\n        <div class=\"layer-media\"><a href=\"https:\/\/creatividadetica.org\/?p=292\"><img src=\"https:\/\/creatividadetica.org\/wp-content\/uploads\/2020\/10\/deis_5edic_bnn-scaled.jpg\" \/><\/a><\/div>\n  <div class=\"layer-content\">\n    <div class=\"element element_0  title_link \">\n    <a target=\"\"\n    href=\"https:\/\/creatividadetica.org\/?p=292\">DeIS Buenos Aires<\/a>\n  <\/div>\n<div class=\"element element_1  excerpt \">\n  Ruta de Dise\u00f1o e Innovaci\u00f3n Sustentable (DeIS) Edici\u00f3n | Buenos Aires Creatividad Etica y Apoidea Soluciones Sustentables, lo invitan a  <\/div>\n<a class=\"element element_2  read_more \"\n  target=\"\"\n  href=\"https:\/\/creatividadetica.org\/?p=292\"><\/a>\n\n  <\/div>\n    <\/div>\n  <\/div>    <\/div>\n  \n\n  \n\n    <script>\n          <\/script>\n    <style type=\"text\/css\">\n    #post-grid-389 .element_0 {\n      display: block;font-size: 21px;line-height: normal;padding: 5px 10px;text-align: left; text-decoration: none;    }\n\n    #post-grid-389 .element_1 {\n      display: block;font-size: 14px;padding: 5px 10px;text-align: left;    }\n\n    #post-grid-389 .element_2 {\n      display: block;font-size: 12px;font-weight: bold;padding: 0 10px;text-align: left;text-decoration: none;    }\n\n    #post-grid-389 .element_0:hover{}#post-grid-389 .element_1:hover{}#post-grid-389 .element_2:hover{}  <\/style>\n  <style type=\"text\/css\">\n    #post-grid-389 {\n      padding: 10px;\n          }\n\n    #post-grid-389 .item {\n      padding: 0px;\n      background: #fff;\n          }\n\n    #post-grid-389 .item .layer-media {\n      height:auto;    }\n\n    @media only screen and (min-width: 0px) and (max-width: 767px) {\n      #post-grid-389 .grid-items {\n        text-align: center;\n              }\n\n      #post-grid-389 .item {\n        width: 90%;\n        margin: 10px;\n        display: inline-block;\n        vertical-align: top;\n        height:auto;      }\n    }\n\n    @media only screen and (min-width: 768px) and (max-width: 1023px) {\n      #post-grid-389 .grid-items {\n        text-align: center;\n              }\n\n      #post-grid-389 .item {\n        width: 280px;\n        margin: 10px;\n        display: inline-block;\n        vertical-align: top;\n        max-height:auto;      }\n    }\n\n    @media only screen and (min-width: 1024px) {\n      #post-grid-389 .grid-items {\n        text-align: center;\n              }\n\n      #post-grid-389 .item {\n        width: 350px;\n        display: inline-block;\n        margin: 10px;\n        vertical-align: top;\n        height:auto;      }\n    }\n\n      <\/style>\n  <\/div>\n<\/div>\n\t\t\t\t<\/div>\n\t\t\t\t<\/div>\n\t\t\t\t\t\t<\/div>\n\t\t\t\t\t<\/div>\n\t\t<\/div>\n\t\t\t\t\t\t\t\t<\/div>\n\t\t\t\t\t<\/div>\n\t\t<\/section>\n\t\t\t\t<section class=\"elementor-section elementor-top-section elementor-element elementor-element-85b30d8 elementor-section-full_width elementor-section-height-default elementor-section-height-default\" data-id=\"85b30d8\" data-element_type=\"section\">\n\t\t\t\t\t\t<div class=\"elementor-container elementor-column-gap-no\">\n\t\t\t\t\t\t\t<div class=\"elementor-row\">\n\t\t\t\t\t<div class=\"elementor-column elementor-col-100 elementor-top-column elementor-element elementor-element-7f157fb\" data-id=\"7f157fb\" data-element_type=\"column\">\n\t\t\t<div class=\"elementor-column-wrap elementor-element-populated\">\n\t\t\t\t\t\t\t<div class=\"elementor-widget-wrap\">\n\t\t\t\t\t\t<div class=\"elementor-element elementor-element-e99a3c2 elementor-widget elementor-widget-image\" data-id=\"e99a3c2\" data-element_type=\"widget\" data-widget_type=\"image.default\">\n\t\t\t\t<div class=\"elementor-widget-container\">\n\t\t\t\t\t\t\t\t<div class=\"elementor-image\">\n\t\t\t\t\t\t\t\t\t\t\t\t<img width=\"2560\" height=\"751\" src=\"https:\/\/creatividadetica.org\/wp-content\/uploads\/2021\/06\/bnn_img_02-scaled.jpg\" class=\"attachment-full size-full\" alt=\"\" loading=\"lazy\" srcset=\"https:\/\/creatividadetica.org\/wp-content\/uploads\/2021\/06\/bnn_img_02-scaled.jpg 2560w, https:\/\/creatividadetica.org\/wp-content\/uploads\/2021\/06\/bnn_img_02-300x88.jpg 300w, https:\/\/creatividadetica.org\/wp-content\/uploads\/2021\/06\/bnn_img_02-1024x300.jpg 1024w, https:\/\/creatividadetica.org\/wp-content\/uploads\/2021\/06\/bnn_img_02-768x225.jpg 768w, https:\/\/creatividadetica.org\/wp-content\/uploads\/2021\/06\/bnn_img_02-1536x451.jpg 1536w, https:\/\/creatividadetica.org\/wp-content\/uploads\/2021\/06\/bnn_img_02-2048x601.jpg 2048w\" sizes=\"100vw\" \/>\t\t\t\t\t\t\t\t\t\t\t\t\t\t<\/div>\n\t\t\t\t\t\t<\/div>\n\t\t\t\t<\/div>\n\t\t\t\t\t\t<\/div>\n\t\t\t\t\t<\/div>\n\t\t<\/div>\n\t\t\t\t\t\t\t\t<\/div>\n\t\t\t\t\t<\/div>\n\t\t<\/section>\n\t\t\t\t\t\t\t\t\t<\/div>\n\t\t\t<\/div>\n\t\t\t\t\t<\/div>\n\t\t","protected":false},"excerpt":{"rendered":"<p>Creatividad \u00c9tica es una organizaci\u00f3n argentina sin fines de lucro dedicada a promover la creatividad en todo el mundo.Desde sus inicios en 2007 ha estado trabajando con compromiso en colaboraci\u00f3n con instituciones locales e internacionales, tanto p\u00fablicas como privadas, planificando acciones relacionadas con el papel e importancia que tienen la creatividad, el dise\u00f1o, la propiedad &hellip; <\/p>\n<p class=\"link-more\"><a href=\"https:\/\/creatividadetica.org\/?p=292\" class=\"more-link\">Continue reading<span class=\"screen-reader-text\"> &#8220;DeIS Buenos Aires&#8221;<\/span><\/a><\/p>\n","protected":false},"author":2,"featured_media":0,"parent":0,"menu_order":0,"comment_status":"closed","ping_status":"closed","template":"","meta":{"pgc_meta":"","spay_email":""},"pgc_meta":"","_links":{"self":[{"href":"https:\/\/creatividadetica.org\/index.php?rest_route=\/wp\/v2\/pages\/23"}],"collection":[{"href":"https:\/\/creatividadetica.org\/index.php?rest_route=\/wp\/v2\/pages"}],"about":[{"href":"https:\/\/creatividadetica.org\/index.php?rest_route=\/wp\/v2\/types\/page"}],"author":[{"embeddable":true,"href":"https:\/\/creatividadetica.org\/index.php?rest_route=\/wp\/v2\/users\/2"}],"replies":[{"embeddable":true,"href":"https:\/\/creatividadetica.org\/index.php?rest_route=%2Fwp%2Fv2%2Fcomments&post=23"}],"version-history":[{"count":138,"href":"https:\/\/creatividadetica.org\/index.php?rest_route=\/wp\/v2\/pages\/23\/revisions"}],"predecessor-version":[{"id":1779,"href":"https:\/\/creatividadetica.org\/index.php?rest_route=\/wp\/v2\/pages\/23\/revisions\/1779"}],"wp:attachment":[{"href":"https:\/\/creatividadetica.org\/index.php?rest_route=%2Fwp%2Fv2%2Fmedia&parent=23"}],"curies":[{"name":"wp","href":"https:\/\/api.w.org\/{rel}","templated":true}]}}