{"id":675,"date":"2021-06-10T02:44:19","date_gmt":"2021-06-10T02:44:19","guid":{"rendered":"http:\/\/creatividadetica.org\/?page_id=675"},"modified":"2021-06-14T04:00:26","modified_gmt":"2021-06-14T04:00:26","slug":"deis","status":"publish","type":"page","link":"https:\/\/creatividadetica.org\/?page_id=675","title":{"rendered":"DeIS"},"content":{"rendered":"\t\t<div data-elementor-type=\"wp-page\" data-elementor-id=\"675\" class=\"elementor elementor-675\">\n\t\t\t\t\t\t<div class=\"elementor-inner\">\n\t\t\t\t<div class=\"elementor-section-wrap\">\n\t\t\t\t\t\t\t\t\t<section class=\"elementor-section elementor-top-section elementor-element elementor-element-2643277 elementor-section-boxed elementor-section-height-default elementor-section-height-default\" data-id=\"2643277\" data-element_type=\"section\">\n\t\t\t\t\t\t<div class=\"elementor-container elementor-column-gap-default\">\n\t\t\t\t\t\t\t<div class=\"elementor-row\">\n\t\t\t\t\t<div class=\"elementor-column elementor-col-100 elementor-top-column elementor-element elementor-element-391bb0b\" data-id=\"391bb0b\" data-element_type=\"column\">\n\t\t\t<div class=\"elementor-column-wrap elementor-element-populated\">\n\t\t\t\t\t\t\t<div class=\"elementor-widget-wrap\">\n\t\t\t\t\t\t<div class=\"elementor-element elementor-element-3220d85 elementor-widget elementor-widget-heading\" data-id=\"3220d85\" data-element_type=\"widget\" data-widget_type=\"heading.default\">\n\t\t\t\t<div class=\"elementor-widget-container\">\n\t\t\t<h1 class=\"elementor-heading-title elementor-size-default\">(DeIS)<\/h1>\t\t<\/div>\n\t\t\t\t<\/div>\n\t\t\t\t<div class=\"elementor-element elementor-element-98b3ab2 elementor-widget elementor-widget-heading\" data-id=\"98b3ab2\" data-element_type=\"widget\" data-widget_type=\"heading.default\">\n\t\t\t\t<div class=\"elementor-widget-container\">\n\t\t\t<h1 class=\"elementor-heading-title elementor-size-default\">Ruta de Dise\u00f1o e Innovaci\u00f3n Sustentable<\/h1>\t\t<\/div>\n\t\t\t\t<\/div>\n\t\t\t\t<div class=\"elementor-element elementor-element-0a38d50 elementor-widget elementor-widget-image\" data-id=\"0a38d50\" data-element_type=\"widget\" data-widget_type=\"image.default\">\n\t\t\t\t<div class=\"elementor-widget-container\">\n\t\t\t\t\t\t\t\t<div class=\"elementor-image\">\n\t\t\t\t\t\t\t\t\t\t\t\t<img width=\"2560\" height=\"751\" src=\"https:\/\/creatividadetica.org\/wp-content\/uploads\/2021\/06\/bnn_img_deis-scaled.jpg\" class=\"attachment-full size-full\" alt=\"\" loading=\"lazy\" srcset=\"https:\/\/creatividadetica.org\/wp-content\/uploads\/2021\/06\/bnn_img_deis-scaled.jpg 2560w, https:\/\/creatividadetica.org\/wp-content\/uploads\/2021\/06\/bnn_img_deis-300x88.jpg 300w, https:\/\/creatividadetica.org\/wp-content\/uploads\/2021\/06\/bnn_img_deis-1024x300.jpg 1024w, https:\/\/creatividadetica.org\/wp-content\/uploads\/2021\/06\/bnn_img_deis-768x225.jpg 768w, https:\/\/creatividadetica.org\/wp-content\/uploads\/2021\/06\/bnn_img_deis-1536x451.jpg 1536w, https:\/\/creatividadetica.org\/wp-content\/uploads\/2021\/06\/bnn_img_deis-2048x601.jpg 2048w\" sizes=\"100vw\" \/>\t\t\t\t\t\t\t\t\t\t\t\t\t\t<\/div>\n\t\t\t\t\t\t<\/div>\n\t\t\t\t<\/div>\n\t\t\t\t<div class=\"elementor-element elementor-element-22237d2 elementor-widget elementor-widget-spacer\" data-id=\"22237d2\" data-element_type=\"widget\" data-widget_type=\"spacer.default\">\n\t\t\t\t<div class=\"elementor-widget-container\">\n\t\t\t\t\t<div class=\"elementor-spacer\">\n\t\t\t<div class=\"elementor-spacer-inner\"><\/div>\n\t\t<\/div>\n\t\t\t\t<\/div>\n\t\t\t\t<\/div>\n\t\t\t\t<div class=\"elementor-element elementor-element-ecb9238 elementor-widget elementor-widget-text-editor\" data-id=\"ecb9238\" data-element_type=\"widget\" data-widget_type=\"text-editor.default\">\n\t\t\t\t<div class=\"elementor-widget-container\">\n\t\t\t\t\t\t\t\t<div class=\"elementor-text-editor elementor-clearfix\">\n\t\t\t\t<p class=\"p1\"><span class=\"s1\">Creatividad Etica y Apoidea Soluciones Sustentables co-organizan<span class=\"Apple-converted-space\">\u00a0la\u00a0<\/span>Convocatoria Abierta para Disertantes de Conferencias y Workshops.<br \/><\/span>Ruta del Dise\u00f1o e Innovaci\u00f3n Sustentable es un evento que se lleva a cabo en diferentes puntos de la Regi\u00f3n para promover nuevas maneras de dise\u00f1ar productos, indumentaria, arquitectura sostenible, modelos de negocios contemplando el impacto ambiental, factores sociales, \u00e9ticos, econ\u00f3micos, con experiencias innovadoras internacionales y locales para lograr cambios estrat\u00e9gicos de direcci\u00f3n hacia nuevos paradigmas.<\/p><p class=\"p3\">Evento- En este evento encontrar\u00e1 medidas innovadoras de referentes de la industria del dise\u00f1o, discusiones de ideas y soluciones inteligentes inspirando a un cambio positivo, con atractivas y relevantes sesiones, notas claves, oportunidades, networking y experto internacional.<\/p><p class=\"p3\">P\u00fablico &#8211; Es un evento abierto para estudiantes y profesionales del sector del dise\u00f1o y disciplinas conexas, as\u00ed como tambi\u00e9n para el p\u00fablico general que tengan un inter\u00e9s particular en adquirir conocimientos en buenas pr\u00e1cticas profesionales, sociales y medioambientales a la hora de comunicar, dise\u00f1ar y\/o proyectar productos , servicios, materiales, textiles, indumentaria o de construcci\u00f3n<\/p>\t\t\t\t\t<\/div>\n\t\t\t\t\t\t<\/div>\n\t\t\t\t<\/div>\n\t\t\t\t<section class=\"elementor-section elementor-inner-section elementor-element elementor-element-70dce19 elementor-section-boxed elementor-section-height-default elementor-section-height-default\" data-id=\"70dce19\" data-element_type=\"section\">\n\t\t\t\t\t\t<div class=\"elementor-container elementor-column-gap-default\">\n\t\t\t\t\t\t\t<div class=\"elementor-row\">\n\t\t\t\t\t<div class=\"elementor-column elementor-col-50 elementor-inner-column elementor-element elementor-element-4ecd21f\" data-id=\"4ecd21f\" data-element_type=\"column\">\n\t\t\t<div class=\"elementor-column-wrap elementor-element-populated\">\n\t\t\t\t\t\t\t<div class=\"elementor-widget-wrap\">\n\t\t\t\t\t\t<div class=\"elementor-element elementor-element-df56be5 elementor-widget elementor-widget-image\" data-id=\"df56be5\" data-element_type=\"widget\" data-widget_type=\"image.default\">\n\t\t\t\t<div class=\"elementor-widget-container\">\n\t\t\t\t\t\t\t\t<div class=\"elementor-image\">\n\t\t\t\t\t\t\t\t\t\t\t\t<img width=\"525\" height=\"350\" src=\"https:\/\/creatividadetica.org\/wp-content\/uploads\/2021\/06\/4ffd5546237389.584cf3c24cad4-1024x682.jpg\" class=\"attachment-large size-large\" alt=\"\" loading=\"lazy\" srcset=\"https:\/\/creatividadetica.org\/wp-content\/uploads\/2021\/06\/4ffd5546237389.584cf3c24cad4-1024x682.jpg 1024w, https:\/\/creatividadetica.org\/wp-content\/uploads\/2021\/06\/4ffd5546237389.584cf3c24cad4-300x200.jpg 300w, https:\/\/creatividadetica.org\/wp-content\/uploads\/2021\/06\/4ffd5546237389.584cf3c24cad4-768x512.jpg 768w, https:\/\/creatividadetica.org\/wp-content\/uploads\/2021\/06\/4ffd5546237389.584cf3c24cad4-1536x1024.jpg 1536w, https:\/\/creatividadetica.org\/wp-content\/uploads\/2021\/06\/4ffd5546237389.584cf3c24cad4.jpg 1772w\" sizes=\"100vw\" \/>\t\t\t\t\t\t\t\t\t\t\t\t\t\t<\/div>\n\t\t\t\t\t\t<\/div>\n\t\t\t\t<\/div>\n\t\t\t\t\t\t<\/div>\n\t\t\t\t\t<\/div>\n\t\t<\/div>\n\t\t\t\t<div class=\"elementor-column elementor-col-50 elementor-inner-column elementor-element elementor-element-bc60090\" data-id=\"bc60090\" data-element_type=\"column\">\n\t\t\t<div class=\"elementor-column-wrap\">\n\t\t\t\t\t\t\t<div class=\"elementor-widget-wrap\">\n\t\t\t\t\t\t\t\t<\/div>\n\t\t\t\t\t<\/div>\n\t\t<\/div>\n\t\t\t\t\t\t\t\t<\/div>\n\t\t\t\t\t<\/div>\n\t\t<\/section>\n\t\t\t\t\t\t<\/div>\n\t\t\t\t\t<\/div>\n\t\t<\/div>\n\t\t\t\t\t\t\t\t<\/div>\n\t\t\t\t\t<\/div>\n\t\t<\/section>\n\t\t\t\t<section class=\"elementor-section elementor-top-section elementor-element elementor-element-86db96c elementor-section-boxed elementor-section-height-default elementor-section-height-default\" data-id=\"86db96c\" data-element_type=\"section\">\n\t\t\t\t\t\t<div class=\"elementor-container elementor-column-gap-default\">\n\t\t\t\t\t\t\t<div class=\"elementor-row\">\n\t\t\t\t\t<div class=\"elementor-column elementor-col-100 elementor-top-column elementor-element elementor-element-28106ef\" data-id=\"28106ef\" data-element_type=\"column\">\n\t\t\t<div class=\"elementor-column-wrap elementor-element-populated\">\n\t\t\t\t\t\t\t<div class=\"elementor-widget-wrap\">\n\t\t\t\t\t\t<div class=\"elementor-element elementor-element-2a2f265 elementor-widget elementor-widget-heading\" data-id=\"2a2f265\" data-element_type=\"widget\" data-widget_type=\"heading.default\">\n\t\t\t\t<div class=\"elementor-widget-container\">\n\t\t\t<h1 class=\"elementor-heading-title elementor-size-default\">Equipo<\/h1>\t\t<\/div>\n\t\t\t\t<\/div>\n\t\t\t\t\t\t<\/div>\n\t\t\t\t\t<\/div>\n\t\t<\/div>\n\t\t\t\t\t\t\t\t<\/div>\n\t\t\t\t\t<\/div>\n\t\t<\/section>\n\t\t\t\t<section class=\"elementor-section elementor-top-section elementor-element elementor-element-04dfaf6 elementor-section-boxed elementor-section-height-default elementor-section-height-default\" data-id=\"04dfaf6\" data-element_type=\"section\">\n\t\t\t\t\t\t<div class=\"elementor-container elementor-column-gap-default\">\n\t\t\t\t\t\t\t<div class=\"elementor-row\">\n\t\t\t\t\t<div class=\"elementor-column elementor-col-25 elementor-top-column elementor-element elementor-element-1f46466\" data-id=\"1f46466\" data-element_type=\"column\">\n\t\t\t<div class=\"elementor-column-wrap elementor-element-populated\">\n\t\t\t\t\t\t\t<div class=\"elementor-widget-wrap\">\n\t\t\t\t\t\t<div class=\"elementor-element elementor-element-0836e9b elementor-widget elementor-widget-image\" data-id=\"0836e9b\" data-element_type=\"widget\" data-widget_type=\"image.default\">\n\t\t\t\t<div class=\"elementor-widget-container\">\n\t\t\t\t\t\t\t\t<div class=\"elementor-image\">\n\t\t\t\t\t\t\t\t\t\t\t\t<img width=\"400\" height=\"400\" src=\"https:\/\/creatividadetica.org\/wp-content\/uploads\/2021\/06\/equipo.vero_.jpg\" class=\"attachment-large size-large\" alt=\"\" loading=\"lazy\" srcset=\"https:\/\/creatividadetica.org\/wp-content\/uploads\/2021\/06\/equipo.vero_.jpg 400w, https:\/\/creatividadetica.org\/wp-content\/uploads\/2021\/06\/equipo.vero_-300x300.jpg 300w, https:\/\/creatividadetica.org\/wp-content\/uploads\/2021\/06\/equipo.vero_-150x150.jpg 150w\" sizes=\"100vw\" \/>\t\t\t\t\t\t\t\t\t\t\t\t\t\t<\/div>\n\t\t\t\t\t\t<\/div>\n\t\t\t\t<\/div>\n\t\t\t\t<div class=\"elementor-element elementor-element-60c8ef6 elementor-widget elementor-widget-heading\" data-id=\"60c8ef6\" data-element_type=\"widget\" data-widget_type=\"heading.default\">\n\t\t\t\t<div class=\"elementor-widget-container\">\n\t\t\t<h1 class=\"elementor-heading-title elementor-size-medium\">D.I. Ver\u00f3nica Ciaglia<\/h1>\t\t<\/div>\n\t\t\t\t<\/div>\n\t\t\t\t<div class=\"elementor-element elementor-element-4ad839b elementor-widget elementor-widget-text-editor\" data-id=\"4ad839b\" data-element_type=\"widget\" data-widget_type=\"text-editor.default\">\n\t\t\t\t<div class=\"elementor-widget-container\">\n\t\t\t\t\t\t\t\t<div class=\"elementor-text-editor elementor-clearfix\">\n\t\t\t\t<p>Dise\u00f1adora Industrial de la UBA. Decoradora de Interiores. Presidente &amp; Socio Fundador de Creatividad \u00c9tica.<\/p>\t\t\t\t\t<\/div>\n\t\t\t\t\t\t<\/div>\n\t\t\t\t<\/div>\n\t\t\t\t\t\t<\/div>\n\t\t\t\t\t<\/div>\n\t\t<\/div>\n\t\t\t\t<div class=\"elementor-column elementor-col-25 elementor-top-column elementor-element elementor-element-e846d54\" data-id=\"e846d54\" data-element_type=\"column\">\n\t\t\t<div class=\"elementor-column-wrap elementor-element-populated\">\n\t\t\t\t\t\t\t<div class=\"elementor-widget-wrap\">\n\t\t\t\t\t\t<div class=\"elementor-element elementor-element-e93d984 elementor-widget elementor-widget-image\" data-id=\"e93d984\" data-element_type=\"widget\" data-widget_type=\"image.default\">\n\t\t\t\t<div class=\"elementor-widget-container\">\n\t\t\t\t\t\t\t\t<div class=\"elementor-image\">\n\t\t\t\t\t\t\t\t\t\t\t\t<img width=\"400\" height=\"400\" src=\"https:\/\/creatividadetica.org\/wp-content\/uploads\/2021\/06\/equipo.elga_.jpg\" class=\"attachment-large size-large\" alt=\"\" loading=\"lazy\" srcset=\"https:\/\/creatividadetica.org\/wp-content\/uploads\/2021\/06\/equipo.elga_.jpg 400w, https:\/\/creatividadetica.org\/wp-content\/uploads\/2021\/06\/equipo.elga_-300x300.jpg 300w, https:\/\/creatividadetica.org\/wp-content\/uploads\/2021\/06\/equipo.elga_-150x150.jpg 150w\" sizes=\"100vw\" \/>\t\t\t\t\t\t\t\t\t\t\t\t\t\t<\/div>\n\t\t\t\t\t\t<\/div>\n\t\t\t\t<\/div>\n\t\t\t\t<div class=\"elementor-element elementor-element-9f4b233 elementor-widget elementor-widget-heading\" data-id=\"9f4b233\" data-element_type=\"widget\" data-widget_type=\"heading.default\">\n\t\t\t\t<div class=\"elementor-widget-container\">\n\t\t\t<h2 class=\"elementor-heading-title elementor-size-medium\">Lic. Elga Vel\u00e1zquez <\/h2>\t\t<\/div>\n\t\t\t\t<\/div>\n\t\t\t\t<div class=\"elementor-element elementor-element-4780ef5 elementor-widget elementor-widget-text-editor\" data-id=\"4780ef5\" data-element_type=\"widget\" data-widget_type=\"text-editor.default\">\n\t\t\t\t<div class=\"elementor-widget-container\">\n\t\t\t\t\t\t\t\t<div class=\"elementor-text-editor elementor-clearfix\">\n\t\t\t\t<p>Lic en Administraci\u00f3n UNC, Entrepreneur, Fundadora de la consultora Apoidea Soluciones Sustentables.<\/p>\t\t\t\t\t<\/div>\n\t\t\t\t\t\t<\/div>\n\t\t\t\t<\/div>\n\t\t\t\t\t\t<\/div>\n\t\t\t\t\t<\/div>\n\t\t<\/div>\n\t\t\t\t<div class=\"elementor-column elementor-col-25 elementor-top-column elementor-element elementor-element-92b478a\" data-id=\"92b478a\" data-element_type=\"column\">\n\t\t\t<div class=\"elementor-column-wrap elementor-element-populated\">\n\t\t\t\t\t\t\t<div class=\"elementor-widget-wrap\">\n\t\t\t\t\t\t<div class=\"elementor-element elementor-element-40847c1 elementor-widget elementor-widget-image\" data-id=\"40847c1\" data-element_type=\"widget\" data-widget_type=\"image.default\">\n\t\t\t\t<div class=\"elementor-widget-container\">\n\t\t\t\t\t\t\t\t<div class=\"elementor-image\">\n\t\t\t\t\t\t\t\t\t\t\t\t<img width=\"400\" height=\"400\" src=\"https:\/\/creatividadetica.org\/wp-content\/uploads\/2021\/06\/equipo.gabi_.jpg\" class=\"attachment-large size-large\" alt=\"\" loading=\"lazy\" srcset=\"https:\/\/creatividadetica.org\/wp-content\/uploads\/2021\/06\/equipo.gabi_.jpg 400w, https:\/\/creatividadetica.org\/wp-content\/uploads\/2021\/06\/equipo.gabi_-300x300.jpg 300w, https:\/\/creatividadetica.org\/wp-content\/uploads\/2021\/06\/equipo.gabi_-150x150.jpg 150w\" sizes=\"100vw\" \/>\t\t\t\t\t\t\t\t\t\t\t\t\t\t<\/div>\n\t\t\t\t\t\t<\/div>\n\t\t\t\t<\/div>\n\t\t\t\t<div class=\"elementor-element elementor-element-4094cac elementor-widget elementor-widget-heading\" data-id=\"4094cac\" data-element_type=\"widget\" data-widget_type=\"heading.default\">\n\t\t\t\t<div class=\"elementor-widget-container\">\n\t\t\t<h2 class=\"elementor-heading-title elementor-size-medium\">D.G. Gabriel Stabilito<\/h2>\t\t<\/div>\n\t\t\t\t<\/div>\n\t\t\t\t<div class=\"elementor-element elementor-element-581aac7 elementor-widget elementor-widget-text-editor\" data-id=\"581aac7\" data-element_type=\"widget\" data-widget_type=\"text-editor.default\">\n\t\t\t\t<div class=\"elementor-widget-container\">\n\t\t\t\t\t\t\t\t<div class=\"elementor-text-editor elementor-clearfix\">\n\t\t\t\t<p>Dise\u00f1ador Gr\u00e1fico de Escuela Municipal Bellas Artes. Escultor. Dise\u00f1ador de Productos.<\/p>\t\t\t\t\t<\/div>\n\t\t\t\t\t\t<\/div>\n\t\t\t\t<\/div>\n\t\t\t\t\t\t<\/div>\n\t\t\t\t\t<\/div>\n\t\t<\/div>\n\t\t\t\t<div class=\"elementor-column elementor-col-25 elementor-top-column elementor-element elementor-element-c61e313\" data-id=\"c61e313\" data-element_type=\"column\">\n\t\t\t<div class=\"elementor-column-wrap elementor-element-populated\">\n\t\t\t\t\t\t\t<div class=\"elementor-widget-wrap\">\n\t\t\t\t\t\t<div class=\"elementor-element elementor-element-4d50290 elementor-widget elementor-widget-image\" data-id=\"4d50290\" data-element_type=\"widget\" data-widget_type=\"image.default\">\n\t\t\t\t<div class=\"elementor-widget-container\">\n\t\t\t\t\t\t\t\t<div class=\"elementor-image\">\n\t\t\t\t\t\t\t\t\t\t\t\t<img width=\"400\" height=\"400\" src=\"https:\/\/creatividadetica.org\/wp-content\/uploads\/2021\/06\/equipo.laersio.jpg\" class=\"attachment-large size-large\" alt=\"\" loading=\"lazy\" srcset=\"https:\/\/creatividadetica.org\/wp-content\/uploads\/2021\/06\/equipo.laersio.jpg 400w, https:\/\/creatividadetica.org\/wp-content\/uploads\/2021\/06\/equipo.laersio-300x300.jpg 300w, https:\/\/creatividadetica.org\/wp-content\/uploads\/2021\/06\/equipo.laersio-150x150.jpg 150w\" sizes=\"100vw\" \/>\t\t\t\t\t\t\t\t\t\t\t\t\t\t<\/div>\n\t\t\t\t\t\t<\/div>\n\t\t\t\t<\/div>\n\t\t\t\t<div class=\"elementor-element elementor-element-7ad227e elementor-widget elementor-widget-heading\" data-id=\"7ad227e\" data-element_type=\"widget\" data-widget_type=\"heading.default\">\n\t\t\t\t<div class=\"elementor-widget-container\">\n\t\t\t<h2 class=\"elementor-heading-title elementor-size-medium\">Laercio Sim\u00f5es<\/h2>\t\t<\/div>\n\t\t\t\t<\/div>\n\t\t\t\t<div class=\"elementor-element elementor-element-dcd1c34 elementor-widget elementor-widget-text-editor\" data-id=\"dcd1c34\" data-element_type=\"widget\" data-widget_type=\"text-editor.default\">\n\t\t\t\t<div class=\"elementor-widget-container\">\n\t\t\t\t\t\t\t\t<div class=\"elementor-text-editor elementor-clearfix\">\n\t\t\t\t<p>Emprendedor, Ingeniero de Software, Investigador. Graduado en Singularity University-USA y Master en Salud P\u00fablica en UNC-Argentina.<\/p>\t\t\t\t\t<\/div>\n\t\t\t\t\t\t<\/div>\n\t\t\t\t<\/div>\n\t\t\t\t\t\t<\/div>\n\t\t\t\t\t<\/div>\n\t\t<\/div>\n\t\t\t\t\t\t\t\t<\/div>\n\t\t\t\t\t<\/div>\n\t\t<\/section>\n\t\t\t\t<section class=\"elementor-section elementor-top-section elementor-element elementor-element-8994103 elementor-section-boxed elementor-section-height-default elementor-section-height-default\" data-id=\"8994103\" data-element_type=\"section\">\n\t\t\t\t\t\t<div class=\"elementor-container elementor-column-gap-default\">\n\t\t\t\t\t\t\t<div class=\"elementor-row\">\n\t\t\t\t\t<div class=\"elementor-column elementor-col-100 elementor-top-column elementor-element elementor-element-e7d7466\" data-id=\"e7d7466\" data-element_type=\"column\">\n\t\t\t<div class=\"elementor-column-wrap\">\n\t\t\t\t\t\t\t<div class=\"elementor-widget-wrap\">\n\t\t\t\t\t\t\t\t<\/div>\n\t\t\t\t\t<\/div>\n\t\t<\/div>\n\t\t\t\t\t\t\t\t<\/div>\n\t\t\t\t\t<\/div>\n\t\t<\/section>\n\t\t\t\t\t\t\t\t\t<\/div>\n\t\t\t<\/div>\n\t\t\t\t\t<\/div>\n\t\t","protected":false},"excerpt":{"rendered":"<p>(DeIS) Ruta de Dise\u00f1o e Innovaci\u00f3n Sustentable Creatividad Etica y Apoidea Soluciones Sustentables co-organizan\u00a0la\u00a0Convocatoria Abierta para Disertantes de Conferencias y Workshops.Ruta del Dise\u00f1o e Innovaci\u00f3n Sustentable es un evento que se lleva a cabo en diferentes puntos de la Regi\u00f3n para promover nuevas maneras de dise\u00f1ar productos, indumentaria, arquitectura sostenible, modelos de negocios contemplando el &hellip; <\/p>\n<p class=\"link-more\"><a href=\"https:\/\/creatividadetica.org\/?page_id=675\" class=\"more-link\">Continue reading<span class=\"screen-reader-text\"> &#8220;DeIS&#8221;<\/span><\/a><\/p>\n","protected":false},"author":2,"featured_media":0,"parent":0,"menu_order":0,"comment_status":"closed","ping_status":"closed","template":"","meta":{"pgc_meta":"","spay_email":""},"pgc_meta":"","_links":{"self":[{"href":"https:\/\/creatividadetica.org\/index.php?rest_route=\/wp\/v2\/pages\/675"}],"collection":[{"href":"https:\/\/creatividadetica.org\/index.php?rest_route=\/wp\/v2\/pages"}],"about":[{"href":"https:\/\/creatividadetica.org\/index.php?rest_route=\/wp\/v2\/types\/page"}],"author":[{"embeddable":true,"href":"https:\/\/creatividadetica.org\/index.php?rest_route=\/wp\/v2\/users\/2"}],"replies":[{"embeddable":true,"href":"https:\/\/creatividadetica.org\/index.php?rest_route=%2Fwp%2Fv2%2Fcomments&post=675"}],"version-history":[{"count":106,"href":"https:\/\/creatividadetica.org\/index.php?rest_route=\/wp\/v2\/pages\/675\/revisions"}],"predecessor-version":[{"id":1381,"href":"https:\/\/creatividadetica.org\/index.php?rest_route=\/wp\/v2\/pages\/675\/revisions\/1381"}],"wp:attachment":[{"href":"https:\/\/creatividadetica.org\/index.php?rest_route=%2Fwp%2Fv2%2Fmedia&parent=675"}],"curies":[{"name":"wp","href":"https:\/\/api.w.org\/{rel}","templated":true}]}}